{"id":20,"date":"2020-01-04T03:00:12","date_gmt":"2020-01-04T03:00:12","guid":{"rendered":"http:\/\/cefampa.cl\/2020\/?page_id=20"},"modified":"2026-05-07T21:23:53","modified_gmt":"2026-05-07T21:23:53","slug":"nuestro-colegio","status":"publish","type":"page","link":"https:\/\/cefampa.cl\/2020\/nuestro-colegio\/","title":{"rendered":"Nuestro Colegio"},"content":{"rendered":"\t\t<div data-elementor-type=\"wp-page\" data-elementor-id=\"20\" class=\"elementor elementor-20\">\n\t\t\t\t\t\t<section class=\"elementor-section elementor-top-section elementor-element elementor-element-11273b97 elementor-section-boxed elementor-section-height-default elementor-section-height-default\" data-id=\"11273b97\" data-element_type=\"section\">\n\t\t\t\t\t\t<div class=\"elementor-container elementor-column-gap-default\">\n\t\t\t\t\t<div class=\"elementor-column elementor-col-100 elementor-top-column elementor-element elementor-element-2d3906a6\" data-id=\"2d3906a6\" data-element_type=\"column\">\n\t\t\t<div class=\"elementor-widget-wrap elementor-element-populated\">\n\t\t\t\t\t\t<div class=\"elementor-element elementor-element-2f182821 elementor-widget elementor-widget-text-editor\" data-id=\"2f182821\" data-element_type=\"widget\" data-widget_type=\"text-editor.default\">\n\t\t\t\t<div class=\"elementor-widget-container\">\n\t\t\t\t\t\t\t\t\t<div class=\"fl-row fl-row-fixed-width fl-row-bg-none fl-node-572b75ff8d191\" data-node=\"572b75ff8d191\"><div class=\"fl-row-content-wrap\"><div class=\"fl-row-content fl-row-fixed-width fl-node-content\"><div class=\"fl-col-group fl-node-572b75ff8d38b\" data-node=\"572b75ff8d38b\"><div class=\"fl-col fl-node-572b75ff8d4dc\" data-node=\"572b75ff8d4dc\"><div class=\"fl-col-content fl-node-content\"><div class=\"fl-module fl-module-rich-text fl-node-572b75ff8d039\" data-node=\"572b75ff8d039\"><div class=\"fl-module-content fl-node-content\"><div class=\"fl-rich-text\"><h3 style=\"text-align: left;\">Nuestra historia<\/h3><p style=\"text-align: left;\">La Fundaci\u00f3n \u00a0Paula \u00a0Jaraquemada \u00a0Alquizar \u00a0es una Instituci\u00f3n \u00a0sin\u00a0 fines de\u00a0 lucro, creada \u00a0por Decreto Supremo N\u00ba 1554 del 02 de Septiembre de 1976, y seg\u00fan Resoluci\u00f3n N\u00ba 495 del 05 de Agosto de 1980.<\/p><p style=\"text-align: left;\">Fue concebida para favorecer la promoci\u00f3n y el desarrollo de las familias en riesgo social, atendiendo preferentemente al mundo infantil a trav\u00e9s de los Centros de Atenci\u00f3n diurna que operan a lo largo del pa\u00eds<\/p><p style=\"text-align: left;\">A ra\u00edz de la experiencia anterior y los datos estad\u00edsticos arrojados en los diferentes estudios realizados a nivel nacional y comunal, qued\u00f3 de manifiesto una gran necesidad entre los miembros de las familias a las que pertenecen nuestros ni\u00f1os y alumnos:\u00a0 el nivel de educaci\u00f3n de sus padres y hermanos era bastante precario, y en algunos casos no exist\u00eda alfabetizaci\u00f3n.<\/p><p style=\"text-align: left;\">En el a\u00f1o 1995, consciente de este problema, la Fundaci\u00f3n Paula Jaraquemada A., hace suya esta preocupaci\u00f3n y comienza a desarrollar el proyecto de los Centros Educacionales de Adultos, convirti\u00e9ndose en realidad y alternativa para muchos habitantes de sectores socialmente desprotegidos en la comuna de Cerro Navia, Pe\u00f1alol\u00e9n, San Ram\u00f3n y Puente Alto.<\/p><p style=\"text-align: left;\">En esta din\u00e1mica entonces, se insert\u00f3 la experiencia educativa de nuestro colegio que abri\u00f3 sus puertas a la comunidad el 2 de enero de 2004, mediante autorizaci\u00f3n otorgada por el Ministerio de Educaci\u00f3n, bajo decreto operador Cooperador del Estado N\u00b0 1532 del 21 de junio del 2004 RBD N\u00b0 25876-8, dando as\u00ed comienzo al proceso de informaci\u00f3n y matr\u00edcula para el mencionado a\u00f1o, y recibiendo diversas muestras de agradecimiento por parte de la comunidad al haber generado esta alternativa de normalizaci\u00f3n de estudios.<\/p><\/div><\/div><\/div><\/div><\/div><\/div><\/div><\/div><\/div>\t\t\t\t\t\t\t\t<\/div>\n\t\t\t\t<\/div>\n\t\t\t\t\t<\/div>\n\t\t<\/div>\n\t\t\t\t\t<\/div>\n\t\t<\/section>\n\t\t\t\t<section class=\"elementor-section elementor-top-section elementor-element elementor-element-87a856d elementor-section-boxed elementor-section-height-default elementor-section-height-default\" data-id=\"87a856d\" data-element_type=\"section\">\n\t\t\t\t\t\t<div class=\"elementor-container elementor-column-gap-default\">\n\t\t\t\t\t<div class=\"elementor-column elementor-col-100 elementor-top-column elementor-element elementor-element-34c6554\" data-id=\"34c6554\" data-element_type=\"column\">\n\t\t\t<div class=\"elementor-widget-wrap elementor-element-populated\">\n\t\t\t\t\t\t<div class=\"elementor-element elementor-element-9ca1645 elementor-widget elementor-widget-image\" data-id=\"9ca1645\" data-element_type=\"widget\" data-widget_type=\"image.default\">\n\t\t\t\t<div class=\"elementor-widget-container\">\n\t\t\t\t\t\t\t\t\t\t\t\t\t\t\t<img fetchpriority=\"high\" decoding=\"async\" width=\"676\" height=\"304\" src=\"https:\/\/cefampa.cl\/2020\/wp-content\/uploads\/2024\/04\/misionvision_t.png\" class=\"attachment-large size-large wp-image-2658\" alt=\"\" srcset=\"https:\/\/cefampa.cl\/2020\/wp-content\/uploads\/2024\/04\/misionvision_t.png 676w, https:\/\/cefampa.cl\/2020\/wp-content\/uploads\/2024\/04\/misionvision_t-300x135.png 300w\" sizes=\"(max-width: 676px) 100vw, 676px\" \/>\t\t\t\t\t\t\t\t\t\t\t\t\t\t\t<\/div>\n\t\t\t\t<\/div>\n\t\t\t\t\t<\/div>\n\t\t<\/div>\n\t\t\t\t\t<\/div>\n\t\t<\/section>\n\t\t\t\t<section class=\"elementor-section elementor-top-section elementor-element elementor-element-f1f979c elementor-section-boxed elementor-section-height-default elementor-section-height-default\" data-id=\"f1f979c\" data-element_type=\"section\">\n\t\t\t\t\t\t<div class=\"elementor-container elementor-column-gap-default\">\n\t\t\t\t\t<div class=\"elementor-column elementor-col-50 elementor-top-column elementor-element elementor-element-2db222a\" data-id=\"2db222a\" data-element_type=\"column\">\n\t\t\t<div class=\"elementor-widget-wrap elementor-element-populated\">\n\t\t\t\t\t\t<div class=\"elementor-element elementor-element-cde1ce0 elementor-widget elementor-widget-text-editor\" data-id=\"cde1ce0\" data-element_type=\"widget\" data-widget_type=\"text-editor.default\">\n\t\t\t\t<div class=\"elementor-widget-container\">\n\t\t\t\t\t\t\t\t\t<h3 class=\"fl-callout-title\"><span class=\"fl-callout-title-text\">Visi\u00f3n<\/span><\/h3><div class=\"fl-callout-text-wrap\"><div class=\"fl-callout-text\"><p>Desarrollar un centro educativo con todas las capacidades para formar alumnos y alumnas con conciencia social e inclusiva de aceptaci\u00f3n a las diferencias de g\u00e9nero y et\u00e1reas, con esp\u00edritu de superaci\u00f3n, fuerte autoestima y conscientes de la importancia de la educaci\u00f3n continua.<\/p><p>Hombres y mujeres s\u00f3lidamente posesionados de la realidad contingente y con alta sensibilidad frente a la diversidad cultural, la equidad con un esp\u00edritu critico positivo que les permita ser personas emprendedoras, perseverantes, respetuosos de si mismos y de los dem\u00e1s<\/p><\/div><\/div>\t\t\t\t\t\t\t\t<\/div>\n\t\t\t\t<\/div>\n\t\t\t\t\t<\/div>\n\t\t<\/div>\n\t\t\t\t<div class=\"elementor-column elementor-col-50 elementor-top-column elementor-element elementor-element-ef9f068\" data-id=\"ef9f068\" data-element_type=\"column\">\n\t\t\t<div class=\"elementor-widget-wrap elementor-element-populated\">\n\t\t\t\t\t\t<div class=\"elementor-element elementor-element-557db8c elementor-widget elementor-widget-text-editor\" data-id=\"557db8c\" data-element_type=\"widget\" data-widget_type=\"text-editor.default\">\n\t\t\t\t<div class=\"elementor-widget-container\">\n\t\t\t\t\t\t\t\t\t<h3 class=\"fl-callout-title\"><span class=\"fl-callout-title-text\">Misi\u00f3n<\/span><\/h3><div class=\"fl-callout-text-wrap\"><div class=\"fl-callout-text\"><p>Brindar a nuestros estudiantes una educaci\u00f3n equitativa y de calidad, en un ambiente de alto respeto y afectividad hacia s\u00ed y los dem\u00e1s, que promueva una formaci\u00f3n integral, implementando \u00a0metodolog\u00edas innovadoras, significativas y activo participativas, que favorezcan el desarrollo y aprendizaje de habilidades y destrezas afectivas, sociales y cognitivas, insertas en valores universales que sustenten su accionar.<\/p><\/div><\/div>\t\t\t\t\t\t\t\t<\/div>\n\t\t\t\t<\/div>\n\t\t\t\t\t<\/div>\n\t\t<\/div>\n\t\t\t\t\t<\/div>\n\t\t<\/section>\n\t\t\t\t<section class=\"elementor-section elementor-top-section elementor-element elementor-element-eb34719 elementor-section-boxed elementor-section-height-default elementor-section-height-default\" data-id=\"eb34719\" data-element_type=\"section\">\n\t\t\t\t\t\t<div class=\"elementor-container elementor-column-gap-default\">\n\t\t\t\t\t<div class=\"elementor-column elementor-col-66 elementor-top-column elementor-element elementor-element-d725f53\" data-id=\"d725f53\" data-element_type=\"column\">\n\t\t\t<div class=\"elementor-widget-wrap elementor-element-populated\">\n\t\t\t\t\t\t<div class=\"elementor-element elementor-element-a695348 elementor-widget elementor-widget-text-editor\" data-id=\"a695348\" data-element_type=\"widget\" data-widget_type=\"text-editor.default\">\n\t\t\t\t<div class=\"elementor-widget-container\">\n\t\t\t\t\t\t\t\t\t<h3>Nuestro equipo<\/h3><p>El Centro Educacional, es una comunidad compuesta por estamentos que en su conjunto forman un solo cuerpo en una estructura\u00a0 de comuni\u00f3n,\u00a0 \u00a0participaci\u00f3n \u00a0y colaboraci\u00f3n,\u00a0 \u00a0permitiendo\u00a0 a cada uno de sus miembros desarrollar en plenitud sus capacidades y ponerlas al servicio del prop\u00f3sito com\u00fan y en beneficio de todos.<\/p>\t\t\t\t\t\t\t\t<\/div>\n\t\t\t\t<\/div>\n\t\t\t\t\t<\/div>\n\t\t<\/div>\n\t\t\t\t<div class=\"elementor-column elementor-col-33 elementor-top-column elementor-element elementor-element-1674f12\" data-id=\"1674f12\" data-element_type=\"column\">\n\t\t\t<div class=\"elementor-widget-wrap elementor-element-populated\">\n\t\t\t\t\t\t<div class=\"elementor-element elementor-element-195bebb elementor-widget elementor-widget-image\" data-id=\"195bebb\" data-element_type=\"widget\" data-widget_type=\"image.default\">\n\t\t\t\t<div class=\"elementor-widget-container\">\n\t\t\t\t\t\t\t\t\t\t\t\t\t\t\t<img decoding=\"async\" width=\"701\" height=\"247\" src=\"https:\/\/cefampa.cl\/2020\/wp-content\/uploads\/2024\/04\/LOGO20ANOS.png\" class=\"attachment-large size-large wp-image-2638\" alt=\"\" srcset=\"https:\/\/cefampa.cl\/2020\/wp-content\/uploads\/2024\/04\/LOGO20ANOS.png 701w, https:\/\/cefampa.cl\/2020\/wp-content\/uploads\/2024\/04\/LOGO20ANOS-300x106.png 300w\" sizes=\"(max-width: 701px) 100vw, 701px\" \/>\t\t\t\t\t\t\t\t\t\t\t\t\t\t\t<\/div>\n\t\t\t\t<\/div>\n\t\t\t\t\t<\/div>\n\t\t<\/div>\n\t\t\t\t\t<\/div>\n\t\t<\/section>\n\t\t\t\t<section class=\"elementor-section elementor-top-section elementor-element elementor-element-6e4d407 elementor-section-boxed elementor-section-height-default elementor-section-height-default\" data-id=\"6e4d407\" data-element_type=\"section\">\n\t\t\t\t\t\t<div class=\"elementor-container elementor-column-gap-default\">\n\t\t\t\t\t<div class=\"elementor-column elementor-col-33 elementor-top-column elementor-element elementor-element-74dadda\" data-id=\"74dadda\" data-element_type=\"column\">\n\t\t\t<div class=\"elementor-widget-wrap elementor-element-populated\">\n\t\t\t\t\t\t<div class=\"elementor-element elementor-element-18b103e elementor-widget elementor-widget-image\" data-id=\"18b103e\" data-element_type=\"widget\" data-widget_type=\"image.default\">\n\t\t\t\t<div class=\"elementor-widget-container\">\n\t\t\t\t\t\t\t\t\t\t\t\t\t\t\t<img decoding=\"async\" width=\"750\" height=\"750\" src=\"https:\/\/cefampa.cl\/2020\/wp-content\/uploads\/2020\/01\/Edelmira-Viscarra-C.-1024x1024.jpg\" class=\"attachment-large size-large wp-image-210\" alt=\"\" srcset=\"https:\/\/cefampa.cl\/2020\/wp-content\/uploads\/2020\/01\/Edelmira-Viscarra-C.-1024x1024.jpg 1024w, https:\/\/cefampa.cl\/2020\/wp-content\/uploads\/2020\/01\/Edelmira-Viscarra-C.-300x300.jpg 300w, https:\/\/cefampa.cl\/2020\/wp-content\/uploads\/2020\/01\/Edelmira-Viscarra-C.-150x150.jpg 150w, https:\/\/cefampa.cl\/2020\/wp-content\/uploads\/2020\/01\/Edelmira-Viscarra-C.-768x768.jpg 768w, https:\/\/cefampa.cl\/2020\/wp-content\/uploads\/2020\/01\/Edelmira-Viscarra-C..jpg 1654w\" sizes=\"(max-width: 750px) 100vw, 750px\" \/>\t\t\t\t\t\t\t\t\t\t\t\t\t\t\t<\/div>\n\t\t\t\t<\/div>\n\t\t\t\t\t<\/div>\n\t\t<\/div>\n\t\t\t\t<div class=\"elementor-column elementor-col-33 elementor-top-column elementor-element elementor-element-22ad64f\" data-id=\"22ad64f\" data-element_type=\"column\">\n\t\t\t<div class=\"elementor-widget-wrap\">\n\t\t\t\t\t\t\t<\/div>\n\t\t<\/div>\n\t\t\t\t<div class=\"elementor-column elementor-col-33 elementor-top-column elementor-element elementor-element-b503696\" data-id=\"b503696\" data-element_type=\"column\">\n\t\t\t<div class=\"elementor-widget-wrap elementor-element-populated\">\n\t\t\t\t\t\t<div class=\"elementor-element elementor-element-845503a elementor-widget elementor-widget-image\" data-id=\"845503a\" data-element_type=\"widget\" data-widget_type=\"image.default\">\n\t\t\t\t<div class=\"elementor-widget-container\">\n\t\t\t\t\t\t\t\t\t\t\t\t\t\t\t<img loading=\"lazy\" decoding=\"async\" width=\"750\" height=\"1000\" src=\"https:\/\/cefampa.cl\/2020\/wp-content\/uploads\/2025\/06\/1000034462-768x1024.jpg\" class=\"attachment-large size-large wp-image-3523\" alt=\"\" srcset=\"https:\/\/cefampa.cl\/2020\/wp-content\/uploads\/2025\/06\/1000034462-768x1024.jpg 768w, https:\/\/cefampa.cl\/2020\/wp-content\/uploads\/2025\/06\/1000034462-225x300.jpg 225w, https:\/\/cefampa.cl\/2020\/wp-content\/uploads\/2025\/06\/1000034462-1152x1536.jpg 1152w, https:\/\/cefampa.cl\/2020\/wp-content\/uploads\/2025\/06\/1000034462-1536x2048.jpg 1536w, https:\/\/cefampa.cl\/2020\/wp-content\/uploads\/2025\/06\/1000034462-scaled.jpg 1920w\" sizes=\"(max-width: 750px) 100vw, 750px\" \/>\t\t\t\t\t\t\t\t\t\t\t\t\t\t\t<\/div>\n\t\t\t\t<\/div>\n\t\t\t\t\t<\/div>\n\t\t<\/div>\n\t\t\t\t\t<\/div>\n\t\t<\/section>\n\t\t\t\t<section class=\"elementor-section elementor-top-section elementor-element elementor-element-5f279a9 elementor-section-boxed elementor-section-height-default elementor-section-height-default\" data-id=\"5f279a9\" data-element_type=\"section\">\n\t\t\t\t\t\t<div class=\"elementor-container elementor-column-gap-default\">\n\t\t\t\t\t<div class=\"elementor-column elementor-col-33 elementor-top-column elementor-element elementor-element-f210681\" data-id=\"f210681\" data-element_type=\"column\">\n\t\t\t<div class=\"elementor-widget-wrap elementor-element-populated\">\n\t\t\t\t\t\t<div class=\"elementor-element elementor-element-598279f elementor-widget elementor-widget-text-editor\" data-id=\"598279f\" data-element_type=\"widget\" data-widget_type=\"text-editor.default\">\n\t\t\t\t<div class=\"elementor-widget-container\">\n\t\t\t\t\t\t\t\t\t<h3 style=\"text-align: center;\">Edelmira Viscarra C.<\/h3><p style=\"text-align: center;\"><strong>Directora y<\/strong><\/p><p style=\"text-align: center;\"><strong>Coordinadora de Educaci\u00f3n<\/strong><\/p>\t\t\t\t\t\t\t\t<\/div>\n\t\t\t\t<\/div>\n\t\t\t\t\t<\/div>\n\t\t<\/div>\n\t\t\t\t<div class=\"elementor-column elementor-col-33 elementor-top-column elementor-element elementor-element-ebe0e04\" data-id=\"ebe0e04\" data-element_type=\"column\">\n\t\t\t<div class=\"elementor-widget-wrap elementor-element-populated\">\n\t\t\t\t\t\t\t<\/div>\n\t\t<\/div>\n\t\t\t\t<div class=\"elementor-column elementor-col-33 elementor-top-column elementor-element elementor-element-68b3189\" data-id=\"68b3189\" data-element_type=\"column\">\n\t\t\t<div class=\"elementor-widget-wrap elementor-element-populated\">\n\t\t\t\t\t\t<div class=\"elementor-element elementor-element-37fe2d7 elementor-widget elementor-widget-text-editor\" data-id=\"37fe2d7\" data-element_type=\"widget\" data-widget_type=\"text-editor.default\">\n\t\t\t\t<div class=\"elementor-widget-container\">\n\t\t\t\t\t\t\t\t\t<h3 style=\"text-align: center;\">Fabi\u00e1n Troncoso S.<\/h3><h3 style=\"text-align: center;\"><strong>Inspector <\/strong><\/h3><p style=\"text-align: center;\"><strong>y Encargado de Convivencia Escolar<\/strong><\/p>\t\t\t\t\t\t\t\t<\/div>\n\t\t\t\t<\/div>\n\t\t\t\t\t<\/div>\n\t\t<\/div>\n\t\t\t\t\t<\/div>\n\t\t<\/section>\n\t\t\t\t<section class=\"elementor-section elementor-top-section elementor-element elementor-element-d0275f2 elementor-section-boxed elementor-section-height-default elementor-section-height-default\" data-id=\"d0275f2\" data-element_type=\"section\">\n\t\t\t\t\t\t<div class=\"elementor-container elementor-column-gap-default\">\n\t\t\t\t\t<div class=\"elementor-column elementor-col-100 elementor-top-column elementor-element elementor-element-87bcaef\" data-id=\"87bcaef\" data-element_type=\"column\">\n\t\t\t<div class=\"elementor-widget-wrap elementor-element-populated\">\n\t\t\t\t\t\t<div class=\"elementor-element elementor-element-d1a934c elementor-widget elementor-widget-image\" data-id=\"d1a934c\" data-element_type=\"widget\" data-widget_type=\"image.default\">\n\t\t\t\t<div class=\"elementor-widget-container\">\n\t\t\t\t\t\t\t\t\t\t\t\t\t\t\t<img decoding=\"async\" src=\"https:\/\/cefampa.cl\/2020\/wp-content\/uploads\/2023\/04\/WhatsApp-Image-2023-04-11-at-18.29.33.jpeg\" title=\"WhatsApp Image 2023-04-11 at 18.29.33\" alt=\"WhatsApp Image 2023-04-11 at 18.29.33\" loading=\"lazy\" \/>\t\t\t\t\t\t\t\t\t\t\t\t\t\t\t<\/div>\n\t\t\t\t<\/div>\n\t\t\t\t\t<\/div>\n\t\t<\/div>\n\t\t\t\t\t<\/div>\n\t\t<\/section>\n\t\t\t\t<\/div>\n\t\t","protected":false},"excerpt":{"rendered":"<p>Nuestra historia La Fundaci\u00f3n \u00a0Paula \u00a0Jaraquemada \u00a0Alquizar \u00a0es una Instituci\u00f3n \u00a0sin\u00a0 fines de\u00a0 lucro, creada \u00a0por Decreto Supremo N\u00ba 1554 &hellip; <\/p>\n","protected":false},"author":1,"featured_media":0,"parent":0,"menu_order":1,"comment_status":"closed","ping_status":"closed","template":"elementor_header_footer","meta":{"footnotes":""},"class_list":["post-20","page","type-page","status-publish","hentry"],"_links":{"self":[{"href":"https:\/\/cefampa.cl\/2020\/wp-json\/wp\/v2\/pages\/20","targetHints":{"allow":["GET"]}}],"collection":[{"href":"https:\/\/cefampa.cl\/2020\/wp-json\/wp\/v2\/pages"}],"about":[{"href":"https:\/\/cefampa.cl\/2020\/wp-json\/wp\/v2\/types\/page"}],"author":[{"embeddable":true,"href":"https:\/\/cefampa.cl\/2020\/wp-json\/wp\/v2\/users\/1"}],"replies":[{"embeddable":true,"href":"https:\/\/cefampa.cl\/2020\/wp-json\/wp\/v2\/comments?post=20"}],"version-history":[{"count":63,"href":"https:\/\/cefampa.cl\/2020\/wp-json\/wp\/v2\/pages\/20\/revisions"}],"predecessor-version":[{"id":3728,"href":"https:\/\/cefampa.cl\/2020\/wp-json\/wp\/v2\/pages\/20\/revisions\/3728"}],"wp:attachment":[{"href":"https:\/\/cefampa.cl\/2020\/wp-json\/wp\/v2\/media?parent=20"}],"curies":[{"name":"wp","href":"https:\/\/api.w.org\/{rel}","templated":true}]}}