{"id":3033,"date":"2024-07-08T18:47:24","date_gmt":"2024-07-08T18:47:24","guid":{"rendered":"https:\/\/cefampa.cl\/2020\/?page_id=3033"},"modified":"2024-07-08T18:47:25","modified_gmt":"2024-07-08T18:47:25","slug":"aviso-legal","status":"publish","type":"page","link":"https:\/\/cefampa.cl\/2020\/aviso-legal\/","title":{"rendered":"Aviso legal"},"content":{"rendered":"\n<p>Las materias contenidas en el sitio Web de cefampa.cl, tienen solamente el prop\u00f3sito de entregar informaci\u00f3n general; en consecuencia, sus contenidos pueden no reflejar la realidad legal actual. Cualquier material de esta clase no deber\u00eda considerarse como asesor\u00eda legal en relaci\u00f3n con asunto particular alguno.<\/p>\n\n\n\n<p>Ning\u00fan usuario de este sitio Web, sea que haga uso directamente de \u00e9l u obtenga informaci\u00f3n contenida en \u00e9l por otros medios, deber\u00eda actuar o dejar de actuar en base a cualquier informaci\u00f3n que contenga, sin contar para ello con la asesor\u00eda legal o de otra clase que corresponda, proporcionada por una persona autorizada para ejercer la profesi\u00f3n en el lugar de jurisdicci\u00f3n del usuario. Cefampa, expresamente no asume responsabilidad alguna con respecto a los cursos de acci\u00f3n seguidos u omitidos en base a todo o parte de los contenidos de este sitio Web.<\/p>\n\n\n\n<p>Cualquier comunicaci\u00f3n con Cefampa, mediante correo electr\u00f3nico v\u00eda Internet, no es segura y se efect\u00faa sobre la base de la no confidencialidad. Mirar los contenidos de este sitio Web, contactar a nuestra instituci\u00f3n por correo electr\u00f3nico o por otros medios, y la transmisi\u00f3n de informaci\u00f3n desde este sitio Web no son hechos o actos que configuren una relaci\u00f3n empresa-cliente entre Cefampa y cualquier receptor.<\/p>\n\n\n\n<p>Este sitio web no pretende ser publicidad, sino \u00fanicamente entregar informaci\u00f3n fidedigna de nuestra instituci\u00f3n. En consecuencia, Cefampa no tiene por meta representar a cualquier usuario de aquellas jurisdicciones en que los contenidos de este sitio Web puedan no cumplir con todas las exigencias legales y \u00e9ticas respectivas existentes en ellas, cuando la causa del contacto con un cliente sea este sitio Web.<\/p>\n\n\n\n<p>Si bien Cefampa, puede eventualmente proveer enlaces (\u00ablinks\u00bb) hacia otras fuentes de informaci\u00f3n disponibles en Internet, nuestra instituci\u00f3n no tiene ni asume responsabilidad alguna por los contenidos publicados por terceras partes a que podr\u00eda accederse a trav\u00e9s de este sitio Web. Todo enlace ha de visitarse bajo el solo riesgo del usuario, Cefampa, no representa ni garantiza los contenidos a que pueda accederse o que pueda obtenerse mediante tales enlaces.<\/p>\n\n\n\n<p>Todos los contenidos de este sitio Web ya sean sus informaciones y o actividades est\u00e1n sujetos a derecho de autor, copyright \u00a9 2024 \u2013 cefampa.cl<\/p>\n\n\n\n<p>La reproducci\u00f3n en total o parcial, por cualquier forma o medio, sin la autorizaci\u00f3n expresa y escrita de Cefampa, est\u00e1 prohibida.<\/p>\n\n\n\n<p>Contacto:<\/p>\n\n\n\n<p><a href=\"mailto:cefampa@fpj.cl\">cefampa@fpj.cl<\/a><\/p>\n\n\n\n<p><a href=\"mailto:cefampa@gmail.com\">cefampa@gmail.com<\/a><\/p>\n","protected":false},"excerpt":{"rendered":"<p>Las materias contenidas en el sitio Web de cefampa.cl, tienen solamente el prop\u00f3sito de entregar informaci\u00f3n general; en consecuencia, sus &hellip; <\/p>\n","protected":false},"author":1,"featured_media":0,"parent":0,"menu_order":0,"comment_status":"closed","ping_status":"closed","template":"","meta":{"footnotes":""},"class_list":["post-3033","page","type-page","status-publish","hentry"],"_links":{"self":[{"href":"https:\/\/cefampa.cl\/2020\/wp-json\/wp\/v2\/pages\/3033","targetHints":{"allow":["GET"]}}],"collection":[{"href":"https:\/\/cefampa.cl\/2020\/wp-json\/wp\/v2\/pages"}],"about":[{"href":"https:\/\/cefampa.cl\/2020\/wp-json\/wp\/v2\/types\/page"}],"author":[{"embeddable":true,"href":"https:\/\/cefampa.cl\/2020\/wp-json\/wp\/v2\/users\/1"}],"replies":[{"embeddable":true,"href":"https:\/\/cefampa.cl\/2020\/wp-json\/wp\/v2\/comments?post=3033"}],"version-history":[{"count":1,"href":"https:\/\/cefampa.cl\/2020\/wp-json\/wp\/v2\/pages\/3033\/revisions"}],"predecessor-version":[{"id":3034,"href":"https:\/\/cefampa.cl\/2020\/wp-json\/wp\/v2\/pages\/3033\/revisions\/3034"}],"wp:attachment":[{"href":"https:\/\/cefampa.cl\/2020\/wp-json\/wp\/v2\/media?parent=3033"}],"curies":[{"name":"wp","href":"https:\/\/api.w.org\/{rel}","templated":true}]}}